{"id":50,"date":"2021-11-05T08:45:55","date_gmt":"2021-11-05T08:45:55","guid":{"rendered":"http:\/\/cancerdemama.geyseco.es\/?page_id=50"},"modified":"2022-02-03T12:25:19","modified_gmt":"2022-02-03T11:25:19","slug":"patrocinadors","status":"publish","type":"page","link":"https:\/\/cancerdemama22.geyseco.es\/index.php\/patrocinadors\/","title":{"rendered":"Patrocinadors"},"content":{"rendered":"\n<p><\/p>\n\n\n\n<h4 class=\"has-text-align-center wp-block-heading\" id=\"patrocinador-or\">Patrocinador Or<\/h4>\n\n\n\n<div class=\"wp-block-image\"><figure class=\"aligncenter size-full is-resized\"><img loading=\"lazy\" decoding=\"async\" src=\"https:\/\/cancerdemama.geyseco.es\/wp-content\/uploads\/2022\/02\/Roche_Logo_800px_Blue_RGB_Roche_Logo_RGB.png\" alt=\"\" class=\"wp-image-498\" width=\"376\" height=\"195\" srcset=\"https:\/\/cancerdemama22.geyseco.es\/wp-content\/uploads\/2022\/02\/Roche_Logo_800px_Blue_RGB_Roche_Logo_RGB.png 800w, https:\/\/cancerdemama22.geyseco.es\/wp-content\/uploads\/2022\/02\/Roche_Logo_800px_Blue_RGB_Roche_Logo_RGB-300x156.png 300w, https:\/\/cancerdemama22.geyseco.es\/wp-content\/uploads\/2022\/02\/Roche_Logo_800px_Blue_RGB_Roche_Logo_RGB-768x399.png 768w, https:\/\/cancerdemama22.geyseco.es\/wp-content\/uploads\/2022\/02\/Roche_Logo_800px_Blue_RGB_Roche_Logo_RGB-600x312.png 600w\" sizes=\"auto, (max-width: 376px) 100vw, 376px\" \/><\/figure><\/div>\n\n\n\n<p><\/p>\n\n\n\n<h4 class=\"has-text-align-center wp-block-heading\" id=\"patrocinador-plata\">Patrocinador Plata<\/h4>\n\n\n\n<div class=\"wp-block-image\"><figure class=\"aligncenter size-full is-resized\"><img loading=\"lazy\" decoding=\"async\" src=\"https:\/\/cancerdemama.geyseco.es\/wp-content\/uploads\/2022\/02\/imagee2a6fd.png\" alt=\"\" class=\"wp-image-486\" width=\"271\" height=\"77\" srcset=\"https:\/\/cancerdemama22.geyseco.es\/wp-content\/uploads\/2022\/02\/imagee2a6fd.png 485w, https:\/\/cancerdemama22.geyseco.es\/wp-content\/uploads\/2022\/02\/imagee2a6fd-300x85.png 300w\" sizes=\"auto, (max-width: 271px) 100vw, 271px\" \/><\/figure><\/div>\n\n\n\n<p><\/p>\n\n\n\n<h4 class=\"wp-block-heading\" id=\"patrocinadors\">Patrocinadors<\/h4>\n\n\n\n<div class=\"wp-block-columns ataColumPatro1 is-layout-flex wp-container-core-columns-is-layout-9d6595d7 wp-block-columns-is-layout-flex\">\n<div class=\"wp-block-column is-layout-flow wp-block-column-is-layout-flow\">\n<div class=\"wp-block-image\"><figure class=\"aligncenter size-full is-resized\"><img loading=\"lazy\" decoding=\"async\" src=\"https:\/\/cancerdemama.geyseco.es\/wp-content\/uploads\/2022\/01\/01-Palex-CMYK-Positive-baseline.jpeg\" alt=\"\" class=\"wp-image-420\" width=\"147\" height=\"61\" srcset=\"https:\/\/cancerdemama22.geyseco.es\/wp-content\/uploads\/2022\/01\/01-Palex-CMYK-Positive-baseline.jpeg 320w, https:\/\/cancerdemama22.geyseco.es\/wp-content\/uploads\/2022\/01\/01-Palex-CMYK-Positive-baseline-300x127.jpeg 300w\" sizes=\"auto, (max-width: 147px) 100vw, 147px\" \/><\/figure><\/div>\n\n\n\n<figure class=\"wp-block-image size-full is-resized\"><img loading=\"lazy\" decoding=\"async\" src=\"https:\/\/cancerdemama.geyseco.es\/wp-content\/uploads\/2022\/01\/Logo-Empresa-2.png\" alt=\"\" class=\"wp-image-448\" width=\"94\" height=\"95\" srcset=\"https:\/\/cancerdemama22.geyseco.es\/wp-content\/uploads\/2022\/01\/Logo-Empresa-2.png 1015w, https:\/\/cancerdemama22.geyseco.es\/wp-content\/uploads\/2022\/01\/Logo-Empresa-2-297x300.png 297w, https:\/\/cancerdemama22.geyseco.es\/wp-content\/uploads\/2022\/01\/Logo-Empresa-2-150x150.png 150w, https:\/\/cancerdemama22.geyseco.es\/wp-content\/uploads\/2022\/01\/Logo-Empresa-2-768x775.png 768w, https:\/\/cancerdemama22.geyseco.es\/wp-content\/uploads\/2022\/01\/Logo-Empresa-2-300x300.png 300w, https:\/\/cancerdemama22.geyseco.es\/wp-content\/uploads\/2022\/01\/Logo-Empresa-2-600x605.png 600w, https:\/\/cancerdemama22.geyseco.es\/wp-content\/uploads\/2022\/01\/Logo-Empresa-2-100x100.png 100w\" sizes=\"auto, (max-width: 94px) 100vw, 94px\" \/><\/figure>\n\n\n\n<p><\/p>\n<\/div>\n\n\n\n<div class=\"wp-block-column is-layout-flow wp-block-column-is-layout-flow\">\n<div class=\"wp-block-image\"><figure class=\"aligncenter size-full is-resized\"><img loading=\"lazy\" decoding=\"async\" src=\"https:\/\/cancerdemama.geyseco.es\/wp-content\/uploads\/2022\/01\/FFblack_Slogan_with_red.png\" alt=\"\" class=\"wp-image-421\" width=\"162\" height=\"43\" \/><figcaption><br><\/figcaption><\/figure><\/div>\n\n\n\n<figure class=\"wp-block-image size-large is-resized\"><img loading=\"lazy\" decoding=\"async\" src=\"https:\/\/cancerdemama.geyseco.es\/wp-content\/uploads\/2022\/01\/bd_color_cmyk_c_2_25-1024x557.jpg\" alt=\"\" class=\"wp-image-451\" width=\"173\" height=\"93\" srcset=\"https:\/\/cancerdemama22.geyseco.es\/wp-content\/uploads\/2022\/01\/bd_color_cmyk_c_2_25-1024x557.jpg 1024w, https:\/\/cancerdemama22.geyseco.es\/wp-content\/uploads\/2022\/01\/bd_color_cmyk_c_2_25-300x163.jpg 300w, https:\/\/cancerdemama22.geyseco.es\/wp-content\/uploads\/2022\/01\/bd_color_cmyk_c_2_25-768x418.jpg 768w, https:\/\/cancerdemama22.geyseco.es\/wp-content\/uploads\/2022\/01\/bd_color_cmyk_c_2_25-600x327.jpg 600w, https:\/\/cancerdemama22.geyseco.es\/wp-content\/uploads\/2022\/01\/bd_color_cmyk_c_2_25.jpg 1060w\" sizes=\"auto, (max-width: 173px) 100vw, 173px\" \/><\/figure>\n<\/div>\n\n\n\n<div class=\"wp-block-column is-layout-flow wp-block-column-is-layout-flow\">\n<figure class=\"wp-block-image size-large is-resized\"><img loading=\"lazy\" decoding=\"async\" src=\"https:\/\/cancerdemama.geyseco.es\/wp-content\/uploads\/2022\/01\/LOGO-CON-CLAIM-MEDICINA--1024x724.jpg\" alt=\"\" class=\"wp-image-433\" width=\"265\" height=\"187\" \/><\/figure>\n\n\n\n<figure class=\"wp-block-image size-large is-resized\"><img loading=\"lazy\" decoding=\"async\" src=\"https:\/\/cancerdemama.geyseco.es\/wp-content\/uploads\/2022\/02\/GuardantHealthLogo_TM_RGB-2C-3-1024x351.jpg\" alt=\"\" class=\"wp-image-489\" width=\"242\" height=\"83\" srcset=\"https:\/\/cancerdemama22.geyseco.es\/wp-content\/uploads\/2022\/02\/GuardantHealthLogo_TM_RGB-2C-3-1024x351.jpg 1024w, https:\/\/cancerdemama22.geyseco.es\/wp-content\/uploads\/2022\/02\/GuardantHealthLogo_TM_RGB-2C-3-300x103.jpg 300w, https:\/\/cancerdemama22.geyseco.es\/wp-content\/uploads\/2022\/02\/GuardantHealthLogo_TM_RGB-2C-3-768x263.jpg 768w, https:\/\/cancerdemama22.geyseco.es\/wp-content\/uploads\/2022\/02\/GuardantHealthLogo_TM_RGB-2C-3-1536x526.jpg 1536w, https:\/\/cancerdemama22.geyseco.es\/wp-content\/uploads\/2022\/02\/GuardantHealthLogo_TM_RGB-2C-3-600x206.jpg 600w, https:\/\/cancerdemama22.geyseco.es\/wp-content\/uploads\/2022\/02\/GuardantHealthLogo_TM_RGB-2C-3.jpg 1806w\" sizes=\"auto, (max-width: 242px) 100vw, 242px\" \/><\/figure>\n\n\n\n<figure class=\"wp-block-gallery has-nested-images columns-default is-cropped wp-block-gallery-1 is-layout-flex wp-block-gallery-is-layout-flex\"><\/figure>\n<\/div>\n<\/div>\n\n\n\n<div class=\"wp-block-columns ataColumPatro2 is-layout-flex wp-container-core-columns-is-layout-9d6595d7 wp-block-columns-is-layout-flex\">\n<div class=\"wp-block-column is-vertically-aligned-center ataSolicitarInfo is-layout-flow wp-block-column-is-layout-flow\" style=\"flex-basis:66.66%\">\n<p class=\"has-text-align-center\">Per sol\u00b7licitar informaci\u00f3 sobre les opcions de col\u00b7laboraci\u00f3 disponibles, contacti amb&nbsp;<a href=\"mailto:sponsors@geyseco.es?subject=CANCER%20DE%20MAMA%202020\"><strong>sponsors@geyseco.es<\/strong><\/a>&nbsp;i ens posarem en contacte amb vost\u00e8 al m\u00e9s aviat possible.<\/p>\n<\/div>\n\n\n\n<div class=\"wp-block-column ataValiFenin is-layout-flow wp-block-column-is-layout-flow\" style=\"flex-basis:33.33%\">\n<p class=\"has-text-align-center\"><strong>VALIDACI\u00d3N FENIN<\/strong><\/p>\n\n\n\n<div class=\"wp-block-image\"><figure class=\"aligncenter size-thumbnail is-resized\"><a href=\"https:\/\/fenincodigoetico.org\/eventos\/xxiv-jornada-sobre-el-cancer-de-mama-los-cambios-que-vienen-donde-estaremos-de-aqui-a-5-anos\/\" target=\"_blank\" rel=\"noopener\"><img loading=\"lazy\" decoding=\"async\" src=\"http:\/\/cancerdemama.geyseco.es\/wp-content\/uploads\/2021\/11\/fenim_RGB-150x150.jpg\" alt=\"\" class=\"wp-image-188\" width=\"75\" height=\"75\" srcset=\"https:\/\/cancerdemama22.geyseco.es\/wp-content\/uploads\/2021\/11\/fenim_RGB-150x150.jpg 150w, https:\/\/cancerdemama22.geyseco.es\/wp-content\/uploads\/2021\/11\/fenim_RGB-300x300.jpg 300w, https:\/\/cancerdemama22.geyseco.es\/wp-content\/uploads\/2021\/11\/fenim_RGB-1024x1024.jpg 1024w, https:\/\/cancerdemama22.geyseco.es\/wp-content\/uploads\/2021\/11\/fenim_RGB-768x768.jpg 768w, https:\/\/cancerdemama22.geyseco.es\/wp-content\/uploads\/2021\/11\/fenim_RGB-1536x1536.jpg 1536w, https:\/\/cancerdemama22.geyseco.es\/wp-content\/uploads\/2021\/11\/fenim_RGB-2048x2048.jpg 2048w, https:\/\/cancerdemama22.geyseco.es\/wp-content\/uploads\/2021\/11\/fenim_RGB-600x600.jpg 600w, https:\/\/cancerdemama22.geyseco.es\/wp-content\/uploads\/2021\/11\/fenim_RGB-100x100.jpg 100w\" sizes=\"auto, (max-width: 75px) 100vw, 75px\" \/><\/a><\/figure><\/div>\n<\/div>\n<\/div>\n","protected":false},"excerpt":{"rendered":"<p>Patrocinador Or Patrocinador Plata Patrocinadors Per sol\u00b7licitar informaci\u00f3 sobre les opcions de col\u00b7laboraci\u00f3 disponibles, contacti amb&nbsp;sponsors@geyseco.es&nbsp;i ens posarem en contacte amb vost\u00e8 al m\u00e9s aviat possible. VALIDACI\u00d3N FENIN<\/p>\n","protected":false},"author":1,"featured_media":0,"parent":0,"menu_order":0,"comment_status":"closed","ping_status":"closed","template":"","meta":{"footnotes":""},"class_list":["post-50","page","type-page","status-publish"],"_links":{"self":[{"href":"https:\/\/cancerdemama22.geyseco.es\/index.php\/wp-json\/wp\/v2\/pages\/50","targetHints":{"allow":["GET"]}}],"collection":[{"href":"https:\/\/cancerdemama22.geyseco.es\/index.php\/wp-json\/wp\/v2\/pages"}],"about":[{"href":"https:\/\/cancerdemama22.geyseco.es\/index.php\/wp-json\/wp\/v2\/types\/page"}],"author":[{"embeddable":true,"href":"https:\/\/cancerdemama22.geyseco.es\/index.php\/wp-json\/wp\/v2\/users\/1"}],"replies":[{"embeddable":true,"href":"https:\/\/cancerdemama22.geyseco.es\/index.php\/wp-json\/wp\/v2\/comments?post=50"}],"version-history":[{"count":44,"href":"https:\/\/cancerdemama22.geyseco.es\/index.php\/wp-json\/wp\/v2\/pages\/50\/revisions"}],"predecessor-version":[{"id":505,"href":"https:\/\/cancerdemama22.geyseco.es\/index.php\/wp-json\/wp\/v2\/pages\/50\/revisions\/505"}],"wp:attachment":[{"href":"https:\/\/cancerdemama22.geyseco.es\/index.php\/wp-json\/wp\/v2\/media?parent=50"}],"curies":[{"name":"wp","href":"https:\/\/api.w.org\/{rel}","templated":true}]}}